{"id":29,"date":"2021-04-21T06:51:19","date_gmt":"2021-04-21T06:51:19","guid":{"rendered":"https:\/\/dev.beuermann.de\/?page_id=29"},"modified":"2021-05-17T10:01:56","modified_gmt":"2021-05-17T10:01:56","slug":"info","status":"publish","type":"page","link":"https:\/\/dev.beuermann.de\/?page_id=29","title":{"rendered":"Info"},"content":{"rendered":"\t\t<div data-elementor-type=\"wp-page\" data-elementor-id=\"29\" class=\"elementor elementor-29\" data-elementor-settings=\"[]\">\n\t\t\t\t\t\t\t<div class=\"elementor-section-wrap\">\n\t\t\t\t\t\t\t<section class=\"elementor-section elementor-top-section elementor-element elementor-element-8ca06a3 elementor-section-full_width elementor-section-height-default elementor-section-height-default\" data-id=\"8ca06a3\" data-element_type=\"section\">\n\t\t\t\t\t\t<div class=\"elementor-container elementor-column-gap-default\">\n\t\t\t\t\t<div class=\"elementor-column elementor-col-100 elementor-top-column elementor-element elementor-element-9ad9127\" data-id=\"9ad9127\" data-element_type=\"column\">\n\t\t\t<div class=\"elementor-widget-wrap elementor-element-populated\">\n\t\t\t\t\t\t\t\t<div class=\"elementor-element elementor-element-50d36d2 elementor-widget elementor-widget-image\" data-id=\"50d36d2\" data-element_type=\"widget\" data-widget_type=\"image.default\">\n\t\t\t\t<div class=\"elementor-widget-container\">\n\t\t\t\t\t\t\t\t\t\t\t\t\t\t\t<img decoding=\"async\" src=\"https:\/\/dev.beuermann.de\/wp-content\/uploads\/2021\/05\/Metadaten_FHD.jpg\" title=\"Metadaten_FHD\" alt=\"Metadaten_FHD\" \/>\t\t\t\t\t\t\t\t\t\t\t\t\t\t\t<\/div>\n\t\t\t\t<\/div>\n\t\t\t\t\t<\/div>\n\t\t<\/div>\n\t\t\t\t\t\t\t<\/div>\n\t\t<\/section>\n\t\t\t\t<section class=\"elementor-section elementor-top-section elementor-element elementor-element-40ccbac elementor-section-boxed elementor-section-height-default elementor-section-height-default\" data-id=\"40ccbac\" data-element_type=\"section\">\n\t\t\t\t\t\t<div class=\"elementor-container elementor-column-gap-default\">\n\t\t\t\t\t<div class=\"elementor-column elementor-col-50 elementor-top-column elementor-element elementor-element-b1e7b64\" data-id=\"b1e7b64\" data-element_type=\"column\">\n\t\t\t<div class=\"elementor-widget-wrap elementor-element-populated\">\n\t\t\t\t\t\t\t\t<section class=\"elementor-section elementor-inner-section elementor-element elementor-element-0523018 elementor-section-boxed elementor-section-height-default elementor-section-height-default\" data-id=\"0523018\" data-element_type=\"section\">\n\t\t\t\t\t\t<div class=\"elementor-container elementor-column-gap-default\">\n\t\t\t\t\t<div class=\"elementor-column elementor-col-100 elementor-inner-column elementor-element elementor-element-ee44a46\" data-id=\"ee44a46\" data-element_type=\"column\">\n\t\t\t<div class=\"elementor-widget-wrap elementor-element-populated\">\n\t\t\t\t\t\t\t\t<div class=\"elementor-element elementor-element-e5b8797 elementor-widget elementor-widget-html\" data-id=\"e5b8797\" data-element_type=\"widget\" data-widget_type=\"html.default\">\n\t\t\t\t<div class=\"elementor-widget-container\">\n\t\t\tWerbung\t\t<\/div>\n\t\t\t\t<\/div>\n\t\t\t\t\t<\/div>\n\t\t<\/div>\n\t\t\t\t\t\t\t<\/div>\n\t\t<\/section>\n\t\t\t\t<section class=\"elementor-section elementor-inner-section elementor-element elementor-element-1a41041 elementor-section-boxed elementor-section-height-default elementor-section-height-default\" data-id=\"1a41041\" data-element_type=\"section\">\n\t\t\t\t\t\t<div class=\"elementor-container elementor-column-gap-default\">\n\t\t\t\t\t<div class=\"elementor-column elementor-col-100 elementor-inner-column elementor-element elementor-element-05f38a4\" data-id=\"05f38a4\" data-element_type=\"column\">\n\t\t\t<div class=\"elementor-widget-wrap elementor-element-populated\">\n\t\t\t\t\t\t\t\t<div class=\"elementor-element elementor-element-f81d88c elementor-widget elementor-widget-html\" data-id=\"f81d88c\" data-element_type=\"widget\" data-widget_type=\"html.default\">\n\t\t\t\t<div class=\"elementor-widget-container\">\n\t\t\tWerbung\t\t<\/div>\n\t\t\t\t<\/div>\n\t\t\t\t\t<\/div>\n\t\t<\/div>\n\t\t\t\t\t\t\t<\/div>\n\t\t<\/section>\n\t\t\t\t\t<\/div>\n\t\t<\/div>\n\t\t\t\t<div class=\"elementor-column elementor-col-50 elementor-top-column elementor-element elementor-element-38a747e\" data-id=\"38a747e\" data-element_type=\"column\">\n\t\t\t<div class=\"elementor-widget-wrap elementor-element-populated\">\n\t\t\t\t\t\t\t\t<section class=\"elementor-section elementor-inner-section elementor-element elementor-element-9bc9104 elementor-section-boxed elementor-section-height-default elementor-section-height-default\" data-id=\"9bc9104\" data-element_type=\"section\">\n\t\t\t\t\t\t<div class=\"elementor-container elementor-column-gap-default\">\n\t\t\t\t\t<div class=\"elementor-column elementor-col-100 elementor-inner-column elementor-element elementor-element-4e1ac8c\" data-id=\"4e1ac8c\" data-element_type=\"column\">\n\t\t\t<div class=\"elementor-widget-wrap elementor-element-populated\">\n\t\t\t\t\t\t\t\t<div class=\"elementor-element elementor-element-2b8551b elementor-widget elementor-widget-text-editor\" data-id=\"2b8551b\" data-element_type=\"widget\" data-widget_type=\"text-editor.default\">\n\t\t\t\t<div class=\"elementor-widget-container\">\n\t\t\t\t\t\t\t\t<h3>Das Prinzip der Metadaten<\/h3><p>Der Schl\u00fcssel f\u00fcr eine medienrelevante Betextung von Fotos hei\u00dft IPTC (International Press Telecommunication Council). Dieser Standard, nachdem weltweit fast alle Medien-Agenturen arbeiten, erm\u00f6glicht eine Beschreibung des Bildes, welche sowohl f\u00fcr die aktuelle Produktionen, als auch f\u00fcr das Archivieren in Mediendatenbanken genutzt werden kann.<\/p>\t\t\t\t\t\t<\/div>\n\t\t\t\t<\/div>\n\t\t\t\t\t<\/div>\n\t\t<\/div>\n\t\t\t\t\t\t\t<\/div>\n\t\t<\/section>\n\t\t\t\t<section class=\"elementor-section elementor-inner-section elementor-element elementor-element-4a49520 elementor-section-boxed elementor-section-height-default elementor-section-height-default\" data-id=\"4a49520\" data-element_type=\"section\">\n\t\t\t\t\t\t<div class=\"elementor-container elementor-column-gap-default\">\n\t\t\t\t\t<div class=\"elementor-column elementor-col-100 elementor-inner-column elementor-element elementor-element-4b045ca\" data-id=\"4b045ca\" data-element_type=\"column\">\n\t\t\t<div class=\"elementor-widget-wrap elementor-element-populated\">\n\t\t\t\t\t\t\t\t<div class=\"elementor-element elementor-element-0f366c6 elementor-widget elementor-widget-text-editor\" data-id=\"0f366c6\" data-element_type=\"widget\" data-widget_type=\"text-editor.default\">\n\t\t\t\t<div class=\"elementor-widget-container\">\n\t\t\t\t\t\t\t\t<h3 class=\"blueletters\">Dateiinformationen<\/h3><p><img loading=\"lazy\" decoding=\"async\" class=\"size-medium wp-image-340 alignleft\" src=\"http:\/\/dev.beuermann.de\/wp-content\/uploads\/2021\/05\/Dateiinformationen_b800px-300x300.jpg\" alt=\"\" width=\"300\" height=\"300\" srcset=\"https:\/\/dev.beuermann.de\/wp-content\/uploads\/2021\/05\/Dateiinformationen_b800px-300x300.jpg 300w, https:\/\/dev.beuermann.de\/wp-content\/uploads\/2021\/05\/Dateiinformationen_b800px-150x150.jpg 150w, https:\/\/dev.beuermann.de\/wp-content\/uploads\/2021\/05\/Dateiinformationen_b800px-768x765.jpg 768w, https:\/\/dev.beuermann.de\/wp-content\/uploads\/2021\/05\/Dateiinformationen_b800px.jpg 800w\" sizes=\"auto, (max-width: 300px) 100vw, 300px\" \/><\/p><p>Die Bilddatei besteht aus den eigentlichen Bilddaten, die das Foto darstellen und den Kopfdaten, auch Header genannt, d.h. den Bereich am Anfang der Bilddatei, noch vor den eigentlichen Bildinformationen, die zus\u00e4tzliche Informationen, die sogenannten Metadaten, enthalten. Die Dateiinformationen werden von dem\u00a0jeweiligen Computersystem geliefert bzw. angezeigt. Die wichtigsten Dateiinformationen sind der Name der\u00a0Datei, der Dateityp, das Datum und das Icon bzw. die Symbolvorschau. Zu beachten ist, dass das Datum hier nicht das Aufnahmedatum ist,\u00a0sondern das Datum, an dem die Datei dem Datensystems des Computers hinzugef\u00fcgt bzw. dort ge\u00e4ndert worden ist.<\/p>\t\t\t\t\t\t<\/div>\n\t\t\t\t<\/div>\n\t\t\t\t\t<\/div>\n\t\t<\/div>\n\t\t\t\t\t\t\t<\/div>\n\t\t<\/section>\n\t\t\t\t<section class=\"elementor-section elementor-inner-section elementor-element elementor-element-5fb266d elementor-section-boxed elementor-section-height-default elementor-section-height-default\" data-id=\"5fb266d\" data-element_type=\"section\">\n\t\t\t\t\t\t<div class=\"elementor-container elementor-column-gap-default\">\n\t\t\t\t\t<div class=\"elementor-column elementor-col-100 elementor-inner-column elementor-element elementor-element-75fd888\" data-id=\"75fd888\" data-element_type=\"column\">\n\t\t\t<div class=\"elementor-widget-wrap elementor-element-populated\">\n\t\t\t\t\t\t\t\t<div class=\"elementor-element elementor-element-7b6f166 elementor-widget elementor-widget-text-editor\" data-id=\"7b6f166\" data-element_type=\"widget\" data-widget_type=\"text-editor.default\">\n\t\t\t\t<div class=\"elementor-widget-container\">\n\t\t\t\t\t\t\t\t<h3 class=\"blueletters\">EXIF &#8211; Kameradaten<\/h3><p><img loading=\"lazy\" decoding=\"async\" class=\"size-medium wp-image-339 alignleft\" src=\"http:\/\/dev.beuermann.de\/wp-content\/uploads\/2021\/05\/EXIF_B800px_0762-300x225.jpg\" alt=\"\" width=\"300\" height=\"225\" srcset=\"https:\/\/dev.beuermann.de\/wp-content\/uploads\/2021\/05\/EXIF_B800px_0762-300x225.jpg 300w, https:\/\/dev.beuermann.de\/wp-content\/uploads\/2021\/05\/EXIF_B800px_0762-768x577.jpg 768w, https:\/\/dev.beuermann.de\/wp-content\/uploads\/2021\/05\/EXIF_B800px_0762.jpg 800w\" sizes=\"auto, (max-width: 300px) 100vw, 300px\" \/>Die digitale Kamera liefert die eigentlichen Bilddaten und zus\u00e4tzlich die Exif-Daten (Exchangeable Image File Format), welche z.B. den Kameratyp, das Aufnahmedatum (welches in der Kamera eingestellt ist), die Verschlusszeit, die Blende und viel andere technische Parameter die sich aus den Einstellungen der Kamera ergeben. Kameras oder Smartphones die einen GPS-Empf\u00e4nger (Global Position System) integriert haben, liefern Geodaten, die Auskunft \u00fcber den Standort des Fotografen bei der Aufnahme liefert.<\/p>\t\t\t\t\t\t<\/div>\n\t\t\t\t<\/div>\n\t\t\t\t\t<\/div>\n\t\t<\/div>\n\t\t\t\t\t\t\t<\/div>\n\t\t<\/section>\n\t\t\t\t<section class=\"elementor-section elementor-inner-section elementor-element elementor-element-30700da elementor-section-boxed elementor-section-height-default elementor-section-height-default\" data-id=\"30700da\" data-element_type=\"section\">\n\t\t\t\t\t\t<div class=\"elementor-container elementor-column-gap-default\">\n\t\t\t\t\t<div class=\"elementor-column elementor-col-100 elementor-inner-column elementor-element elementor-element-2eb6c3f\" data-id=\"2eb6c3f\" data-element_type=\"column\">\n\t\t\t<div class=\"elementor-widget-wrap elementor-element-populated\">\n\t\t\t\t\t\t\t\t<div class=\"elementor-element elementor-element-bf60267 elementor-widget elementor-widget-text-editor\" data-id=\"bf60267\" data-element_type=\"widget\" data-widget_type=\"text-editor.default\">\n\t\t\t\t<div class=\"elementor-widget-container\">\n\t\t\t\t\t\t\t\t<h3 class=\"blueletters\">IPTC &#8211; Bildbeschreibende Informationen<\/h3><p>Die bildbeschreibenden Informationen \u00fcber ein Foto werden in dem IPTC (International Press Telecommunication Council) Bereich abgelegt. Dabei m\u00fcssen die Daten manuell mit Hilfe von speziellen Programmen, auf Basis des eigenen oder recherchierten Wissen, hinzugef\u00fcgt werden. Dieser Standard wird durch den XMP (Extensible Metadata Platform) Standard der Firma Adobe erg\u00e4nzt. IPTC ist als Teilmenge aber in XMP integriert. Die oben stehenden Metadaten in dem Header abzuspeichern ist nur in dem JPEG und TIFF Format m\u00f6glich.<\/p><ul><li>Bildbeschreibende Informationen werden in die Bilddatei eingebettet<\/li><li>Schreiben und Lesen kann in Photoshop unter Datei-Informationen erfolgen<\/li><li>Effektiver sind Spezial Programme zur Bildbetextung<\/li><li>Der IPTC Standard hat bis zu 32 Felder<\/li><li>In der Praxis sind meistens nur 4 bis 8 Felder sinnvoll und notwendig<\/li><li>Datenbanken lesen die Informationen aus und dadurch ist eine Recherche m\u00f6glich<\/li><li>XMP ersetzt IPTC mehr und mehr<\/li><li>Bildbeschreibungen k\u00f6nnen als XMP Beschreibungsdateien \u00a0ausgetauscht werden<\/li><\/ul>\t\t\t\t\t\t<\/div>\n\t\t\t\t<\/div>\n\t\t\t\t\t<\/div>\n\t\t<\/div>\n\t\t\t\t\t\t\t<\/div>\n\t\t<\/section>\n\t\t\t\t\t<\/div>\n\t\t<\/div>\n\t\t\t\t\t\t\t<\/div>\n\t\t<\/section>\n\t\t\t\t\t\t<\/div>\n\t\t\t\t\t<\/div>\n\t\t","protected":false},"excerpt":{"rendered":"<p>Werbung Werbung Das Prinzip der Metadaten Der Schl\u00fcssel f\u00fcr eine medienrelevante Betextung von Fotos hei\u00dft IPTC (International Press Telecommunication Council). Dieser Standard, nachdem weltweit fast alle Medien-Agenturen arbeiten, erm\u00f6glicht eine Beschreibung des Bildes, welche sowohl f\u00fcr die aktuelle Produktionen, als auch f\u00fcr das Archivieren in Mediendatenbanken genutzt werden kann. Dateiinformationen Die Bilddatei besteht aus den [&hellip;]<\/p>\n","protected":false},"author":1,"featured_media":0,"parent":0,"menu_order":0,"comment_status":"closed","ping_status":"closed","template":"","meta":{"footnotes":""},"class_list":["post-29","page","type-page","status-publish","hentry","entry"],"_links":{"self":[{"href":"https:\/\/dev.beuermann.de\/index.php?rest_route=\/wp\/v2\/pages\/29","targetHints":{"allow":["GET"]}}],"collection":[{"href":"https:\/\/dev.beuermann.de\/index.php?rest_route=\/wp\/v2\/pages"}],"about":[{"href":"https:\/\/dev.beuermann.de\/index.php?rest_route=\/wp\/v2\/types\/page"}],"author":[{"embeddable":true,"href":"https:\/\/dev.beuermann.de\/index.php?rest_route=\/wp\/v2\/users\/1"}],"replies":[{"embeddable":true,"href":"https:\/\/dev.beuermann.de\/index.php?rest_route=%2Fwp%2Fv2%2Fcomments&post=29"}],"version-history":[{"count":73,"href":"https:\/\/dev.beuermann.de\/index.php?rest_route=\/wp\/v2\/pages\/29\/revisions"}],"predecessor-version":[{"id":373,"href":"https:\/\/dev.beuermann.de\/index.php?rest_route=\/wp\/v2\/pages\/29\/revisions\/373"}],"wp:attachment":[{"href":"https:\/\/dev.beuermann.de\/index.php?rest_route=%2Fwp%2Fv2%2Fmedia&parent=29"}],"curies":[{"name":"wp","href":"https:\/\/api.w.org\/{rel}","templated":true}]}}