{"id":435,"date":"2021-05-18T08:38:57","date_gmt":"2021-05-18T08:38:57","guid":{"rendered":"https:\/\/dev.beuermann.de\/?page_id=435"},"modified":"2021-05-18T08:40:43","modified_gmt":"2021-05-18T08:40:43","slug":"datenschutz-dsgvo","status":"publish","type":"page","link":"https:\/\/dev.beuermann.de\/?page_id=435","title":{"rendered":"Datenschutz  DSGVO"},"content":{"rendered":"\t\t<div data-elementor-type=\"wp-page\" data-elementor-id=\"435\" class=\"elementor elementor-435\" data-elementor-settings=\"[]\">\n\t\t\t\t\t\t\t<div class=\"elementor-section-wrap\">\n\t\t\t\t\t\t\t<section class=\"elementor-section elementor-top-section elementor-element elementor-element-728a10f elementor-section-boxed elementor-section-height-default elementor-section-height-default\" data-id=\"728a10f\" data-element_type=\"section\">\n\t\t\t\t\t\t<div class=\"elementor-container elementor-column-gap-default\">\n\t\t\t\t\t<div class=\"elementor-column elementor-col-100 elementor-top-column elementor-element elementor-element-0972bd3\" data-id=\"0972bd3\" data-element_type=\"column\">\n\t\t\t<div class=\"elementor-widget-wrap elementor-element-populated\">\n\t\t\t\t\t\t\t\t<div class=\"elementor-element elementor-element-50f8b29 elementor-widget elementor-widget-text-editor\" data-id=\"50f8b29\" data-element_type=\"widget\" data-widget_type=\"text-editor.default\">\n\t\t\t\t<div class=\"elementor-widget-container\">\n\t\t\t\t\t\t\t\t<p>Wir freuen uns \u00fcber Ihren Besuch auf unserer Webseite. Der Schutz Ihrer Daten ist uns ein besonderes Anliegen. Wir werden Ihre Daten stets nur im Rahmen der Grenzen des Bundesdatenschutzgesetzes und der Datenschutz-Grundverordnung verwenden. Falls Sie durch einen Link auf eine andere Webseite gelangen, dann nutzen Sie bitte die dortigen Informationen zum Datenschutz. Auf die Datenschutzpraxis der anderen Seitenbetreiber haben wir keinen Einfluss.<\/p><p>Soweit im Detail nicht anders angegeben, verarbeiten unsere hier erw\u00e4hnten Dienstleister und Partner Ihre bei der Nutzung unseres Webangebotes \u00fcbermittelten personenbezogenen Daten in Drittl\u00e4ndern entweder aufgrund eines Angemessenheitsbeschlusses der EU-Kommission gem. Art. 45 DSGVO (siehe unter <a href=\"https:\/\/ec.europa.eu\/info\/law\/law-topic\/data-protection\/international-dimension-data-protection\/adequacy-decisions_de\">https:\/\/ec.europa.eu\/info\/law\/law-topic\/data-protection\/international-dimension-data-protection\/adequacy-decisions_de<\/a>) oder<b> <\/b>auf Basis eines Auftragsverarbeitungsvertrages unter Verwendung der EU-Standardvertragsklauseln gem. Art. 46 II lit. c) u. d) DSGVO; der Anbieter hat sich in diesem zur Einhaltung von EU-Datenschutzstandards verpflichtet.<\/p><p>Verantwortlich f\u00fcr die Verarbeitung Ihrer personenbezogenen Daten ist:<\/p><p><b>Bernd Beuermann,\u00a0<\/b><b>Garbenstra\u03b2e 32, D-37081 G\u00f6ttingen<\/b><\/p><p><b>Telefon: 0551 2909240, Telefax: 0551 2909237,\u00a0<\/b><b>E-Mail : info@beuermann.de<\/b><\/p><p>\u00a0<\/p><p><strong>Inhalt<\/strong><\/p><p><a href=\"https:\/\/beuermann.de\/datenschutz#rechte\">1. Ihre Rechte<\/a><\/p><p><a href=\"https:\/\/beuermann.de\/datenschutz#daten\">2. Datenerhebung- und Verarbeitung bei Besuch unserer Webseite<\/a><\/p><p><a href=\"https:\/\/beuermann.de\/datenschutz#daten1\">2.1. Informationen \u00fcber Cookies<\/a><\/p><p><a href=\"https:\/\/beuermann.de\/datenschutz#daten2\">2.2. Google Adsense<\/a><\/p><p><a href=\"https:\/\/beuermann.de\/datenschutz#daten3\">2.3. Social Plugins<\/a><\/p><p><a href=\"https:\/\/beuermann.de\/datenschutz#daten4\">2.4. Google reCAPTCHA<\/a><\/p><p><a href=\"https:\/\/beuermann.de\/datenschutz#daten5\">2.5. Google Fonts<\/a><\/p><p><a href=\"https:\/\/beuermann.de\/datenschutz#kontakt\">3. Datenverarbeitung bei Anfragen \u00fcber unser Kontaktformular oder per E-Mail<\/a><\/p><p><a href=\"https:\/\/beuermann.de\/datenschutz#social\">4. Datenschutzerkl\u00e4rungen f\u00fcr unsere Social-Media Auftritte und Messenger<\/a><\/p><p>\u00a0<\/p><p><b><a name=\"rechte\"><\/a>1. Ihre Rechte<\/b><\/p><p>Sie haben uns gegen\u00fcber das<span class=\"Apple-converted-space\">\u00a0<\/span><\/p><p><b>a) Recht auf Auskunft<\/b><\/p><p>Sie haben das Recht, von uns eine Best\u00e4tigung dar\u00fcber zu verlangen, ob personenbezogene Daten von uns verarbeitet werden, die Sie betreffen. Sie haben auch das Recht auf Auskunft \u00fcber Ihre personenbezogenen Daten, die von uns verarbeitet werden, nach Art. 15 DSGVO.<\/p><p><b>b) Recht auf Berichtigung<\/b><\/p><p>Sie haben das Recht auf Berichtigung aber auch Vervollst\u00e4ndigung Ihrer Daten nach Art. 16. DSGVO.<\/p><p><b>c) Recht auf L\u00f6schung<\/b><\/p><p>Sie haben das Recht auf unverz\u00fcgliche L\u00f6schung Ihrer personenbezogenen Daten (\u201eRecht auf Vergessenwerden\u201c) nach Art. 17 DSGVO,<span class=\"Apple-converted-space\">\u00a0<\/span><\/p><p>\u2022 wenn diese nicht mehr ben\u00f6tigt werden,<span class=\"Apple-converted-space\">\u00a0<\/span><\/p><p>\u2022 wenn Sie aus Gr\u00fcnden einer besonderen Situation bei sich der Verarbeitung widersprochen haben und auf unserer Seite die berechtigten Interessen nicht \u00fcberwiegen,<span class=\"Apple-converted-space\">\u00a0<\/span><\/p><p>\u2022 wenn die Daten unrechtm\u00e4\u00dfig verarbeitet werden,<span class=\"Apple-converted-space\">\u00a0<\/span><\/p><p>\u2022 die L\u00f6schung zur Erf\u00fcllung einer rechtlichen Verpflichtung erforderlich ist.<\/p><p>\u2022 wenn Sie eine f\u00fcr die Verarbeitung der Daten notwendige Einwilligung widerrufen haben.<\/p><p><b>d) Recht auf Einschr\u00e4nkung<\/b><\/p><p>Sie haben das Recht auf Einschr\u00e4nkung der Verarbeitung Ihrer personenbezogenen Daten im Rahmen des Art. 18\u00a0DSGVO,<\/p><p>\u2022 wenn Sie die Richtigkeit Ihrer personenbezogenen Daten bestreiten w\u00e4hrend wir die Richtigkeit Ihrer personenbezogenen Daten \u00fcberpr\u00fcfen.<\/p><p>\u2022 wenn die Verarbeitung Ihrer personenbezogenen Daten unrechtm\u00e4\u00dfig ist.<\/p><p>\u2022 wenn Ihre Daten durch uns nicht mehr ben\u00f6tigt werden, Sie diese jedoch ben\u00f6tigen zur Geltendmachung, Aus\u00fcbung oder Verteidigung von Rechtsanspr\u00fcchen.<\/p><p>\u2022 wenn Sie der Verarbeitung Ihrer Daten widersprochen haben und noch unklar ist, ob unser berechtigtes Interesse \u00fcberwiegt.<\/p><p><b>e) \u00dcbertragbarkeit<\/b><\/p><p>Sie haben das Recht auf \u00dcbertragbarkeit Ihrer Daten gem\u00e4\u00df Art. 20 DSGVO.<span class=\"Apple-converted-space\">\u00a0<\/span><\/p><p><b>f) Widerruf bei Verarbeitung aufgrund einer Einwilligung<\/b><\/p><p>Sollten wir Ihre personenbezogenen Daten f\u00fcr bestimmte Zwecke aufgrund Ihrer Einwilligung verarbeiten, haben Sie das Recht, Ihre Einwilligung jederzeit und mit Wirkung f\u00fcr die Zukunft zu widerrufen.<span class=\"Apple-converted-space\">\u00a0<\/span><\/p><p><b>g) Widerspruchsrecht<span class=\"Apple-converted-space\">\u00a0<\/span><\/b><\/p><p><b>Recht auf Widerspruch bei Verarbeitung aufgrund berechtigter Interessen<\/b><\/p><p>Sie haben das Recht gegen die Verarbeitung Ihrer personenbezogenen Daten Widerspruch einzulegen, wenn die Verarbeitung aufgrund unserer berechtigten Interessen erfolgt und Gr\u00fcnde bei Ihnen vorliegen, die sich aus Ihrer besonderen Situation ergeben.<\/p><p><b>Recht auf Widerspruch gegen Direktmarketing<\/b><\/p><p>Bei einer Verarbeitung Ihrer personenbezogenen Daten zum Zwecke der Direktwerbung haben Sie gem\u00e4\u00df Art. 21 II DSGVO jederzeit das Recht, Widerspruch gegen die Verarbeitung der Sie betreffenden personenbezogener Daten einzulegen.<\/p><p><b>Sie k\u00f6nnen Ihren Widerspruch jederzeit und formlos an die genannten Kontaktdaten richten.<\/b><\/p><p><b>h) Wie \u00fcbe ich meine Rechte aus?<\/b><\/p><p>Alle Ihre o.g. Rechte k\u00f6nnen Sie zum Beispiel mit einer E-Mail an uns unter der unter 1. angegebenen E-Mail-Adresse aus\u00fcben<\/p><p><b>i) Beschwerderecht<\/b><\/p><p>Sie haben ferner das Recht, sich bei einer Aufsichtsbeh\u00f6rde zu beschweren, insbesondere bei der f\u00fcr uns zust\u00e4ndigen Landesbeauftragten f\u00fcr den Datenschutz:<\/p><p>Die Landesbeauftragte f\u00fcr den Datenschutz Niedersachsen<\/p><p>Barbara Thiel<\/p><p>Prinzenstra\u00dfe 5<\/p><p>30159 Hannover<\/p><p>Tel.: 0511 1204500<\/p><p>Fax: 0511 1204599<\/p><p>E-Mail: poststelle@lfd.niedersachsen.de<\/p><p>Ihnen steht es frei, die Beschwerde auch bei der Aufsichtsbeh\u00f6rde Ihres Wohnsitzes zu erheben. Eine Liste der Landesdatenschutzbeauftragten finden Sie hier:<\/p><p><span class=\"Apple-converted-space\">\u00a0<\/span><a href=\"https:\/\/www.bfdi.bund.de\/DE\/Infothek\/Anschriften_Links\/Landesdatenschutzbeauftragte\/Landesdatenschutzbeauftragte_liste.html\">https:\/\/www.bfdi.bund.de\/DE\/Infothek\/Anschriften_Links\/Landesdatenschutzbeauftragte\/Landesdatenschutzbeauftragte_liste.html<\/a><\/p><p>\u00a0<\/p><p><b><a id=\"daten\"><\/a>2. Datenerhebung- und Verarbeitung bei Besuch unserer Webseite<\/b><\/p><p>Bei jedem Besuch auf unserer Webseite werden in Logfiles gespeichert:<\/p><p>\u2022 Name der abgerufenen Datei,<span class=\"Apple-converted-space\">\u00a0<\/span><\/p><p>\u2022 Datum und Uhrzeit des Abrufs,<span class=\"Apple-converted-space\">\u00a0<\/span><\/p><p>\u2022 \u00fcbertragene Datenmenge,<span class=\"Apple-converted-space\">\u00a0<\/span><\/p><p>\u2022 Meldung \u00fcber erfolgreichen Abruf,<span class=\"Apple-converted-space\">\u00a0<\/span><\/p><p>\u2022 Webbrowser,<span class=\"Apple-converted-space\">\u00a0<\/span><\/p><p>\u2022 Betriebssystem,<span class=\"Apple-converted-space\">\u00a0<\/span><\/p><p>\u2022 Ihr Provider,<\/p><p>\u2022 das Herkunftsland des anfragenden Systems,<span class=\"Apple-converted-space\">\u00a0<\/span><\/p><p>\u2022 die Webseite, von der aus Sie auf unsere Seite gelangt sind (Referrer),<span class=\"Apple-converted-space\">\u00a0<\/span><\/p><p>\u2022 die Unterwebseiten, die Sie auf unserer Internetseite besuchen,<\/p><p>\u2022 IP-Adressen der anfragenden Rechner.<\/p><p>Diese Daten werden nicht zusammengef\u00fchrt und lassen daher keine R\u00fcckschl\u00fcsse auf bestimmte Personen zu.<span class=\"Apple-converted-space\">\u00a0<\/span><\/p><p>Wir nutzen diese Logfiles zur anonymisierten statistischen Auswertung, um unsere Webseite und ihre Inhalte zu optimieren und um die Funktionsf\u00e4higkeit, sowie den Schutz unserer IT-Systeme, und damit den Schutz der von uns verarbeiteten Daten, sicherzustellen und ggf., um den Strafverfolgungsbeh\u00f6rden im Falle von Angriffen auf unsere IT-Systeme die n\u00f6tigen Informationen zur Verf\u00fcgung stellen zu k\u00f6nnen. Dies sind unsere berechtigten Interessen im Sinne des Art. 6 I lit. f)\u00a0DSGVO. Die Daten unserer Server-Logfiles speichern wir getrennt von ggf. anderen personenbezogenen Daten. Sie werden gel\u00f6scht, sobald diese zur Erf\u00fcllung des mit der Speicherung verfolgten Zwecks nicht mehr erforderlich sind oder wenn ihre Speicherung aus sonstigen gesetzlichen Gr\u00fcnden unzul\u00e4ssig ist.<span class=\"Apple-converted-space\">\u00a0<\/span><\/p><p><b>ALTERNATIV, WENN WEDER SIE NOCH DER PROVIDER LOGFILES NUTZEN<\/b><\/p><p>Bei Ihrem Besuch auf unserer Website werden Ihre Daten nicht in Logfiles gespeichert.<span class=\"Apple-converted-space\">\u00a0<\/span><\/p><p>Die von Ihnen bei Besuch unserer Webseite und der Nutzung unserer Formulare (Kontaktanfrage, Registrierung, Anmeldung Kundenkonto, Suchbegriffe etc.) erhobenen Daten werden auf den Servern unseres Hostproviders in unserem Auftrag verarbeitet. Die Server befinden sich innerhalb der EU. Um die Sicherheit Ihrer Daten bei der \u00dcbertragung zu sch\u00fctzen, verwenden wir dem aktuellen Stand der Technik entsprechende Verschl\u00fcsselungsverfahren (z. B. SSL) \u00fcber HTTPS.<\/p><p>Unser berechtigtes Interesse an der Nutzung dieses Dienstes im Sinne des Art. 6 I lit. f) DSGVO ist die st\u00f6rungssichere Ausgabe und Darstellung unseres Webangebots, sowie die Wahrung der Informationssicherheit.<\/p><p><b><a id=\"daten1\"><\/a>2.1. Informationen \u00fcber Cookies<\/b><\/p><p>Zur Optimierung unseres Internetauftritts setzen wir Cookies ein. Es handelt sich dabei um kleine Textdateien, die \u00fcber Ihren Browser auf Ihrem Computer gespeichert werden. Cookies enthalten eine eindeutige Kennung, die sogenannte Cookie-ID. Dies erm\u00f6glicht es den besuchten Internetseiten und Servern, den bestimmten Internetbrowser wiederzuerkennen und zuzuordnen. Dadurch k\u00f6nnen wir Ihnen einen besseren Zugang zu unserer Seite erm\u00f6glichen. Denn die Wiedererkennung verhindert z.\u00a0B., dass Sie Login-Daten erneut eingeben m\u00fcssen oder der Warenkorb bei Onlineshops gel\u00f6scht wird, wenn Sie auf anderen Seiten surfen. Unser berechtigtes Interesse an der Nutzung von Cookies im Sinne des Art. 6 I lit. f) DSGVO ist es, die Nutzung unserer Webseite intuitiv zu gestalten und Ihnen den Zugang zu erleichtern.<\/p><p><b>Das m\u00f6chten Sie nicht?<\/b><\/p><p>Das Speichern von Cookies unseres Webangebots k\u00f6nnen Sie verhindern, indem Sie in Ihren Browser-Einstellungen \u201eCookies blockieren\u201c w\u00e4hlen. Dies kann aber eine Funktionseinschr\u00e4nkung unserer Webseite f\u00fcr Sie zur Folge haben.<span class=\"Apple-converted-space\">\u00a0<\/span><\/p><p>Informationen finden Sie f\u00fcr die jeweiligen Browser unter den folgenden Links:<\/p><p>Chrome https:\/\/support.google.com\/chrome\/answer\/95647?hl=de&amp;hlrm=en<\/p><p>Microsoft Edge https:\/\/support.microsoft.com\/de-de\/help\/4027947\/microsoft-edge-delete-cookies<\/p><p>Safari https:\/\/support.apple.com\/de-de\/guide\/safari\/sfri11471\/12.0\/mac\/10.14<\/p><p>Firefox https:\/\/support.mozilla.org\/de\/products\/firefox\/protect-your-privacy\/cookies<\/p><p>Opera https:\/\/help.opera.com\/de\/latest\/web-preferences\/#cookies<\/p><p><b><a id=\"daten2\"><\/a>2.2. Google Adsense<\/b><\/p><p>Wir setzen zum Einbinden von Werbeanzeigen auf unserer Webseite Google AdSense ein, betrieben von der Google Ireland Ltd., Gordon House, Barrow Street, Dublin 4, Irland und der Google LLC., 1600 Amphitheatre Parkway Mountain View, CA 94043, USA.<span class=\"Apple-converted-space\">\u00a0<\/span><\/p><p>Google-AdSense analysiert die Nutzung unserer Webseite mithilfe von \u201eCookies\u201c, die auf Ihrem Ger\u00e4t gespeichert werden. Ferner verwendet Google-AdSense \u201eWeb-Beacons\u201c. Dabei handelt es sich um transparente Bilddateien, die beim Aufruf unserer Seiten geladen werden und das Herunterladen registriert wird. Dies erm\u00f6glicht Google die Auswertung der Nutzung und des Besucherflusses unserer Webseite. Die hierbei erzeugten Informationen incl. Ihrer IP-Adresse, Ihres Providers und damit Ihres Herkunftslands werden neben der Platzierung der Werbeformate ggf. auch an Server von Google in den USA \u00fcbertragen, dort gespeichert und k\u00f6nnen von Google an Vertragspartner weitergegeben werden. Unser berechtigtes Interesse an der Nutzung dieses Dienstes im Sinne des Art.\u00a06\u00a0I\u00a0lit.\u00a0f)\u00a0DSGVO ist es unser Angebot und Werbung entsprechend Ihrer Nutzung anzupassen.<\/p><p>Google speichert Ihre IP-Adresse jedoch getrennt von ggf. anderen personenbezogenen Daten. Eine Zusammenf\u00fchrung findet nicht statt.<span class=\"Apple-converted-space\">\u00a0<\/span><\/p><p><b>Das m\u00f6chten Sie nicht?<\/b><\/p><p>Das Speichern von Cookies k\u00f6nnen Sie verhindern, indem Sie in Ihren Browser-Einstellungen \u201eCookies blockieren\u201c w\u00e4hlen. Au\u00dferdem k\u00f6nnen Sie sich sogenannte AdBlocker-Add-Ons oder -Plugins installieren. Dies kann aber eine Funktionseinschr\u00e4nkung unserer Webseite f\u00fcr Sie zur Folge haben. Alle g\u00e4ngigen Browser bieten Ihnen zudem M\u00f6glichkeiten zum individuellen Umgang mit Cookies. Sie k\u00f6nnen entsprechende Add-Ons installieren oder einstellen, dass nur Cookies von Drittanbietern blockiert werden, dass alle Cookies nach Schlie\u00dfen des Browsers gel\u00f6scht werden oder dass Webseiten generell keine Nutzeraktivit\u00e4ten verfolgen d\u00fcrfen (Do-Not-Track). Sie k\u00f6nnen auch Cookies f\u00fcr interessenbezogene Werbung \u00fcber die Werbenetzwerkinitiative deaktivieren, indem Sie den Anweisungen unter: http:\/\/www.networkadvertising.org\/managing\/opt_out.asp folgen.<span class=\"Apple-converted-space\">\u00a0<\/span><\/p><p>Wie unter diesem Link beschrieben, k\u00f6nnen Sie personalisierte Werbung von Google deaktivieren: https:\/\/support.google.com\/ads\/answer\/7395996<span class=\"Apple-converted-space\">\u00a0<\/span><\/p><p>N\u00e4here Informationen zum Datenschutz und zu Werbung bei Google AdSense finden Sie unter: https:\/\/policies.google.com\/privacy bzw. https:\/\/policies.google.com\/technologies\/ads<\/p><p><b><a id=\"daten3\"><\/a>2.3. Social Plugins<\/b><\/p><p>Unser berechtigtes Interesse im Sinne des Art. 6 I lit. f) DSGVO an der Nutzung von Social Media Plugins ist die Optimierung der Reichweite und Verbreitung unseres Angebots.<span class=\"Apple-converted-space\">\u00a0<\/span><\/p><p><b>Twitter-Plugins<\/b><\/p><p>Wir verwenden Twitter-Plugins, betrieben von Twitter Inc., 1355 Market Street, Suite 900, San Francisco, CA 94103, USA.<span class=\"Apple-converted-space\">\u00a0<\/span><\/p><p>Das Plugin \u00fcbertr\u00e4gt dabei Daten an Twitter-Server. Sobald Sie eine unserer Seiten mit Twitter-Plugin aufrufen, wird dies von Twitter-Servern geladen und das Herunterladen registriert. Dadurch wei\u00df Twitter, welche Seite Sie bei uns besucht haben. Nach Angaben von Twitter werden die dabei \u00fcbermittelten Daten, z. B. IP-Adresse und aufgerufene Seite, nur zur Darstellung des Twitter-Plugins und nicht zu anderen Zwecken verarbeitet. Der Besuch unserer Webseiten wird nicht mit ggf. anderen personenbezogenen Daten von Ihnen zusammengef\u00fchrt.<\/p><p>Klicken Sie \u201eRe-Tweet\u201c oder ein anderes Twitter-Plugin, verkn\u00fcpfen Sie unsere Seiten mit Ihrem Twitter-Account und geben diese Information anderen Nutzern, insbesondere Ihren Followern, bekannt.<\/p><p>Wir weisen darauf hin, dass wir keinerlei Kenntnis von Inhalt oder Nutzung Ihrer \u00fcbermittelten Daten an und durch Twitter haben. N\u00e4here Informationen gibt es in der Datenschutzerkl\u00e4rung von Twitter unter: https:\/\/twitter.com\/de\/privacy<\/p><p>Sie k\u00f6nnen Ihre Datenschutzeinstellungen bei Twitter in Ihren Account-Einstellungen unter: https:\/\/twitter.com\/account\/settings anpassen.<\/p><p><b><a id=\"daten4\"><\/a>2.4. Google reCAPTCHA<\/b><\/p><p>Unsere Webseite nutzt den Dienst Google reCAPTCHA, betrieben von Google Ireland Ltd., Gordon House, Barrow Street, Dublin 4, Irland und der Google LLC., 1600 Amphitheatre Parkway, Mountain View, CA 94043, USA.<\/p><p>Damit k\u00f6nnen wir \u00fcberpr\u00fcfen, ob Menschen oder automatisierte Programme (Bots) Eingaben auf unserer Seite, z. B. im Kontaktformular, vornehmen. reCAPTCHA analysiert dabei Ihr Nutzerverhalten, sobald Sie eine unserer Seiten aufrufen. Dabei werden Ihre IP-Adresse, Dauer des Besuchs der Webseite oder Cursorbewegungen im Bereich des reCAPTCHA-Feldes an Server von Google ggf. nicht nur in Irland, sondern auch in den USA \u00fcbermittelt und ausgewertet. Ferner nutzt Google die Daten, um eigene Angebote zu optimieren.<\/p><p>Wenn Sie in Ihren Google-Account eingeloggt sind, werden diese Daten m\u00f6glicherweise mit ggf. anderen personenbezogenen Daten von Ihnen zusammengef\u00fchrt. Nach Angaben von Google ist dies nicht der Fall, wenn Sie nicht eingeloggt sind. Wenn Sie dies so gut wie m\u00f6glich verhindern wollen, loggen Sie sich aus Ihrem Google-Profil vor Besuch unserer Webseite aus.<\/p><p>Unser berechtigtes Interesse an der Nutzung dieses Dienstes im Sinne des Art. 6 I lit. f) DSGVO ist es, unsere Seiten vor missbr\u00e4uchlicher automatisierter Aussp\u00e4hung und vor SPAM zu sch\u00fctzen.<\/p><p>N\u00e4here Informationen zu Google reCAPTCHA finden Sie hier: https:\/\/www.google.com\/recaptcha\/intro\/ und die Datenschutzerkl\u00e4rung von Google hier: https:\/\/www.google.com\/intl\/de\/policies\/privacy\/<\/p><p><b><a id=\"daten5\"><\/a>2.5. Google Fonts<span class=\"Apple-converted-space\">\u00a0<\/span><\/b><\/p><p>Wir verwenden auf unserer Webseite Schriftarten von Google (Google Fonts), betrieben von der Google Ireland Ltd., Gordon House, Barrow Street, Dublin 4, Irland und der Google LLC., 1600 Amphitheatre Parkway, Mountain View, CA 94043, USA.<\/p><p>Wenn Sie eine unserer Seiten aufrufen, wird eine direkte Verbindung zwischen Ihrem Browser und ggf. nicht nur mit den Google Servern in Irland, sondern auch mit denen in den USA hergestellt, um die Schriftarten einzubinden. Dabei wird neben Datum und Uhrzeit Ihres Abrufs und der URL der aufgerufenen Webseite auch Ihre IP-Adresse an Google \u00fcbertragen und dort verarbeitet. Unser berechtigtes Interesse im Sinne des Art. 6 I lit. f) DSGVO an der Nutzung von Google Fonts ist die auf allen Ger\u00e4ten kompatible Ausgabe unserer Texte und die schnelle Einbindung beim Aufbau der Webseite.<\/p><p>N\u00e4here Informationen zu Googles Nutzungsbedingungen und Datenschutz finden Sie unter: https:\/\/www.google.de\/intl\/de\/policies\/privacy\/<\/p><p><b><a id=\"kontakt\"><\/a>3. Datenverarbeitung bei Anfragen \u00fcber unser Kontaktformular oder per E-Mail<\/b><\/p><p>Wenn Sie das Kontaktformular unserer Webseite nutzen oder uns eine E-Mail schreiben, verarbeiten wir die dort von Ihnen freiwillig mitgeteilten personenbezogenen Daten (z. B. Ihren Namen und Ihre E-Mail-Adresse), um Ihre Anfrage zu beantworten.<span class=\"Apple-converted-space\">\u00a0<\/span><\/p><p>Wir l\u00f6schen oder sperren Ihre Daten, soweit diese zur Erf\u00fcllung des mit der Speicherung verfolgten Zwecks nicht mehr erforderlich sind, wenn ihre Speicherung aus sonstigen gesetzlichen Gr\u00fcnden unzul\u00e4ssig ist oder wenn Sie Ihrerseits die L\u00f6schung oder Sperrung Ihrer Daten verlangen. Unser berechtigtes Interesse im Sinne des Art. 6 I lit. f) DSGVO ist es, den Besuchern unserer Webseite die Kontaktaufnahme zu erleichtern. Die Daten verarbeiten wir auf einem Server innerhalb der EU. Um die Sicherheit Ihrer Daten bei der \u00dcbertragung zu sch\u00fctzen, verwenden wir dem aktuellen Stand der Technik entsprechende Verschl\u00fcsselungsverfahren (z. B. SSL) \u00fcber HTTPS.<\/p><p>Wir weisen darauf hin, dass bei der Kommunikation per E-Mail die vollst\u00e4ndige Datensicherheit nicht gew\u00e4hrleistet werden kann. Bei unverschl\u00fcsselten E-Mails besteht trotz Transportverschl\u00fcsselung die M\u00f6glichkeit, dass diese von unbefugten Dritten zur Kenntnis genommen werden k\u00f6nnen.<span class=\"Apple-converted-space\">\u00a0<\/span><\/p><p><b><a id=\"social\"><\/a>4. Datenschutzerkl\u00e4rungen f\u00fcr unsere Social-Media Auftritte und Messenger<\/b><\/p><p><b>Twitter<\/b><\/p><p>Wenn Sie unseren Twitter-Kanal besuchen, betrieben von Twitter Inc., 1355 Market Street, Suite 900, San Francisco, CA 94103, USA, verarbeitet Twitter die folgenden Daten von Ihnen:<\/p><p>Der Anbieter setzt in Ihrem Browser Cookies. Wenn Sie bei Twitter angemeldet sind, werden Ihre Aktionen mit anderen dort bereits gespeicherten personenbezogenen Daten zusammengef\u00fchrt und Ihrem Profil zugeordnet. Es werden Informationen, dass und wann Sie diese Seite besucht haben, ebenso wie Ihr ungef\u00e4hrer Standort f\u00fcr Spracheinstellungen, Browser und Ger\u00e4t erfasst.<\/p><p>Die Daten werden hierzu ggf. auch auf Servern in den USA verarbeitet. Nach eigenen Angaben werden die Daten in Drittl\u00e4ndern auf Basis eines Auftragsverarbeitungsvertrages unter Verwendung der EU-Standardvertragsklauseln gem\u00e4\u00df Art. 46 Abs. 2 lit. c),d) verarbeitet, der Anbieter hat sich in diesem<span class=\"Apple-converted-space\">\u00a0 <\/span>zur Einhaltung von EU-Datenschutzstandards verpflichtet.<\/p><p>N\u00e4here Informationen gibt es in der Datenschutzerkl\u00e4rung von Twitter unter <a href=\"https:\/\/twitter.com\/de\/privacy\">https:\/\/twitter.com\/de\/privacy<\/a> . Sie k\u00f6nnen Ihre Datenschutzeinstellungen bei Twitter in Ihren Account-Einstellungen unter <a href=\"https:\/\/twitter.com\/account\/settings\">https:\/\/twitter.com\/account\/settings<\/a> anpassen.<\/p><p>\u00a0<\/p><p>Erstellt durch die Beratung der\u00a0<strong><a href=\"https:\/\/www.anwaltskanzlei-feuerhake.de\/\" target=\"_blank\" rel=\"noopener\">Feuerhake Anwaltskanzlei<\/a>\u00a0.\u00a0<\/strong>03\/2021<\/p>\t\t\t\t\t\t<\/div>\n\t\t\t\t<\/div>\n\t\t\t\t\t<\/div>\n\t\t<\/div>\n\t\t\t\t\t\t\t<\/div>\n\t\t<\/section>\n\t\t\t\t\t\t<\/div>\n\t\t\t\t\t<\/div>\n\t\t","protected":false},"excerpt":{"rendered":"<p>Wir freuen uns \u00fcber Ihren Besuch auf unserer Webseite. Der Schutz Ihrer Daten ist uns ein besonderes Anliegen. Wir werden Ihre Daten stets nur im Rahmen der Grenzen des Bundesdatenschutzgesetzes und der Datenschutz-Grundverordnung verwenden. Falls Sie durch einen Link auf eine andere Webseite gelangen, dann nutzen Sie bitte die dortigen Informationen zum Datenschutz. Auf die [&hellip;]<\/p>\n","protected":false},"author":1,"featured_media":0,"parent":0,"menu_order":0,"comment_status":"closed","ping_status":"closed","template":"","meta":{"footnotes":""},"class_list":["post-435","page","type-page","status-publish","hentry","entry"],"_links":{"self":[{"href":"https:\/\/dev.beuermann.de\/index.php?rest_route=\/wp\/v2\/pages\/435","targetHints":{"allow":["GET"]}}],"collection":[{"href":"https:\/\/dev.beuermann.de\/index.php?rest_route=\/wp\/v2\/pages"}],"about":[{"href":"https:\/\/dev.beuermann.de\/index.php?rest_route=\/wp\/v2\/types\/page"}],"author":[{"embeddable":true,"href":"https:\/\/dev.beuermann.de\/index.php?rest_route=\/wp\/v2\/users\/1"}],"replies":[{"embeddable":true,"href":"https:\/\/dev.beuermann.de\/index.php?rest_route=%2Fwp%2Fv2%2Fcomments&post=435"}],"version-history":[{"count":5,"href":"https:\/\/dev.beuermann.de\/index.php?rest_route=\/wp\/v2\/pages\/435\/revisions"}],"predecessor-version":[{"id":440,"href":"https:\/\/dev.beuermann.de\/index.php?rest_route=\/wp\/v2\/pages\/435\/revisions\/440"}],"wp:attachment":[{"href":"https:\/\/dev.beuermann.de\/index.php?rest_route=%2Fwp%2Fv2%2Fmedia&parent=435"}],"curies":[{"name":"wp","href":"https:\/\/api.w.org\/{rel}","templated":true}]}}